{"id":1275,"date":"2022-01-09T09:59:40","date_gmt":"2022-01-09T08:59:40","guid":{"rendered":"https:\/\/www.agencedurisque.fr\/?page_id=1275"},"modified":"2022-04-28T09:47:41","modified_gmt":"2022-04-28T07:47:41","slug":"mentions-legales-it","status":"publish","type":"page","link":"https:\/\/www.agencedurisque.fr\/it\/mentions-legales-it\/","title":{"rendered":"Mentions l\u00e9gales IT"},"content":{"rendered":"\t\t<div data-elementor-type=\"wp-page\" data-elementor-id=\"1275\" class=\"elementor elementor-1275 elementor-734\" data-elementor-settings=\"[]\">\n\t\t\t\t\t\t\t<div class=\"elementor-section-wrap\">\n\t\t\t\t\t\t\t<section class=\"elementor-section elementor-top-section elementor-element elementor-element-fe32e98 elementor-section-boxed elementor-section-height-default elementor-section-height-default\" data-id=\"fe32e98\" data-element_type=\"section\">\n\t\t\t\t\t\t<div class=\"elementor-container elementor-column-gap-default\">\n\t\t\t\t\t<div class=\"elementor-column elementor-col-100 elementor-top-column elementor-element elementor-element-c232d72\" data-id=\"c232d72\" data-element_type=\"column\">\n\t\t\t<div class=\"elementor-widget-wrap elementor-element-populated\">\n\t\t\t\t\t\t\t\t<div class=\"elementor-element elementor-element-011fdff elementor-widget elementor-widget-heading\" data-id=\"011fdff\" data-element_type=\"widget\" data-widget_type=\"heading.default\">\n\t\t\t\t<div class=\"elementor-widget-container\">\n\t\t\t<style>\/*! elementor - v3.5.3 - 28-12-2021 *\/\n.elementor-heading-title{padding:0;margin:0;line-height:1}.elementor-widget-heading .elementor-heading-title[class*=elementor-size-]>a{color:inherit;font-size:inherit;line-height:inherit}.elementor-widget-heading .elementor-heading-title.elementor-size-small{font-size:15px}.elementor-widget-heading .elementor-heading-title.elementor-size-medium{font-size:19px}.elementor-widget-heading .elementor-heading-title.elementor-size-large{font-size:29px}.elementor-widget-heading .elementor-heading-title.elementor-size-xl{font-size:39px}.elementor-widget-heading .elementor-heading-title.elementor-size-xxl{font-size:59px}<\/style><h1 class=\"elementor-heading-title elementor-size-default\">Mentions L\u00e9gales<\/h1>\t\t<\/div>\n\t\t\t\t<\/div>\n\t\t\t\t<div class=\"elementor-element elementor-element-a6852b3 elementor-widget elementor-widget-text-editor\" data-id=\"a6852b3\" data-element_type=\"widget\" data-widget_type=\"text-editor.default\">\n\t\t\t\t<div class=\"elementor-widget-container\">\n\t\t\t<style>\/*! elementor - v3.5.3 - 28-12-2021 *\/\n.elementor-widget-text-editor.elementor-drop-cap-view-stacked .elementor-drop-cap{background-color:#818a91;color:#fff}.elementor-widget-text-editor.elementor-drop-cap-view-framed .elementor-drop-cap{color:#818a91;border:3px solid;background-color:transparent}.elementor-widget-text-editor:not(.elementor-drop-cap-view-default) .elementor-drop-cap{margin-top:8px}.elementor-widget-text-editor:not(.elementor-drop-cap-view-default) .elementor-drop-cap-letter{width:1em;height:1em}.elementor-widget-text-editor .elementor-drop-cap{float:left;text-align:center;line-height:1;font-size:50px}.elementor-widget-text-editor .elementor-drop-cap-letter{display:inline-block}<\/style>\t\t\t\t<p>Chambre r\u00e9gionale de m\u00e9tiers et de l&#8217;artisanat Provence-Alpes-C\u00f4te d\u2019Azur (CMAR PACA)<\/p><p>Adresse : 5, boulevard P\u00e8bre &#8211; 13008 MARSEILLE<\/p><p>Mail : communication@cmar-paca.fr<\/p><p>Directeur de la publication CMAR PACA<\/p><p>Animation et gestion \u00e9ditoriale : CMAR PACA<\/p><p>R\u00e9daction : CMAR PACA<\/p><p>Conception : LaGriffe<\/p>\t\t\t\t\t\t<\/div>\n\t\t\t\t<\/div>\n\t\t\t\t\t<\/div>\n\t\t<\/div>\n\t\t\t\t\t\t\t<\/div>\n\t\t<\/section>\n\t\t\t\t\t\t<\/div>\n\t\t\t\t\t<\/div>\n\t\t","protected":false},"excerpt":{"rendered":"<p>Mentions L\u00e9gales Chambre r\u00e9gionale de m\u00e9tiers et de l&#8217;artisanat Provence-Alpes-C\u00f4te d\u2019Azur (CMAR PACA) Adresse : 5, boulevard P\u00e8bre &#8211; 13008 MARSEILLE Mail : communication@cmar-paca.fr Directeur de la publication CMAR PACA Animation et gestion \u00e9ditoriale : CMAR PACA R\u00e9daction : CMAR PACA Conception : LaGriffe<\/p>\n","protected":false},"author":1,"featured_media":0,"parent":0,"menu_order":0,"comment_status":"closed","ping_status":"closed","template":"","meta":{"footnotes":""},"class_list":["post-1275","page","type-page","status-publish","hentry"],"acf":[],"yoast_head":"<!-- This site is optimized with the Yoast SEO plugin v19.9 - https:\/\/yoast.com\/wordpress\/plugins\/seo\/ -->\n<title>Mentions l\u00e9gales IT - L&#039;Agence du Risque<\/title>\n<meta name=\"robots\" content=\"index, follow, max-snippet:-1, max-image-preview:large, max-video-preview:-1\" \/>\n<link rel=\"canonical\" href=\"https:\/\/www.agencedurisque.fr\/it\/mentions-legales-it\/\" \/>\n<meta property=\"og:locale\" content=\"it_IT\" \/>\n<meta property=\"og:type\" content=\"article\" \/>\n<meta property=\"og:title\" content=\"Mentions l\u00e9gales IT - L&#039;Agence du Risque\" \/>\n<meta property=\"og:description\" content=\"Mentions L\u00e9gales Chambre r\u00e9gionale de m\u00e9tiers et de l&#8217;artisanat Provence-Alpes-C\u00f4te d\u2019Azur (CMAR PACA) Adresse : 5, boulevard P\u00e8bre &#8211; 13008 MARSEILLE Mail : communication@cmar-paca.fr Directeur de la publication CMAR PACA Animation et gestion \u00e9ditoriale : CMAR PACA R\u00e9daction : CMAR PACA Conception : LaGriffe\" \/>\n<meta property=\"og:url\" content=\"https:\/\/www.agencedurisque.fr\/it\/mentions-legales-it\/\" \/>\n<meta property=\"og:site_name\" content=\"L&#039;Agence du Risque\" \/>\n<meta property=\"article:modified_time\" content=\"2022-04-28T07:47:41+00:00\" \/>\n<meta name=\"twitter:card\" content=\"summary_large_image\" \/>\n<meta name=\"twitter:label1\" content=\"Tempo di lettura stimato\" \/>\n\t<meta name=\"twitter:data1\" content=\"1 minuto\" \/>\n<script type=\"application\/ld+json\" class=\"yoast-schema-graph\">{\"@context\":\"https:\/\/schema.org\",\"@graph\":[{\"@type\":\"WebPage\",\"@id\":\"https:\/\/www.agencedurisque.fr\/it\/mentions-legales-it\/\",\"url\":\"https:\/\/www.agencedurisque.fr\/it\/mentions-legales-it\/\",\"name\":\"Mentions l\u00e9gales IT - L&#039;Agence du Risque\",\"isPartOf\":{\"@id\":\"https:\/\/www.agencedurisque.fr\/#website\"},\"datePublished\":\"2022-01-09T08:59:40+00:00\",\"dateModified\":\"2022-04-28T07:47:41+00:00\",\"breadcrumb\":{\"@id\":\"https:\/\/www.agencedurisque.fr\/it\/mentions-legales-it\/#breadcrumb\"},\"inLanguage\":\"it-IT\",\"potentialAction\":[{\"@type\":\"ReadAction\",\"target\":[\"https:\/\/www.agencedurisque.fr\/it\/mentions-legales-it\/\"]}]},{\"@type\":\"BreadcrumbList\",\"@id\":\"https:\/\/www.agencedurisque.fr\/it\/mentions-legales-it\/#breadcrumb\",\"itemListElement\":[{\"@type\":\"ListItem\",\"position\":1,\"name\":\"Accueil\",\"item\":\"https:\/\/www.agencedurisque.fr\/it\/\"},{\"@type\":\"ListItem\",\"position\":2,\"name\":\"Mentions l\u00e9gales IT\"}]},{\"@type\":\"WebSite\",\"@id\":\"https:\/\/www.agencedurisque.fr\/#website\",\"url\":\"https:\/\/www.agencedurisque.fr\/\",\"name\":\"L&#039;Agence du Risque\",\"description\":\"\",\"potentialAction\":[{\"@type\":\"SearchAction\",\"target\":{\"@type\":\"EntryPoint\",\"urlTemplate\":\"https:\/\/www.agencedurisque.fr\/?s={search_term_string}\"},\"query-input\":\"required name=search_term_string\"}],\"inLanguage\":\"it-IT\"}]}<\/script>\n<!-- \/ Yoast SEO plugin. -->","yoast_head_json":{"title":"Mentions l\u00e9gales IT - L&#039;Agence du Risque","robots":{"index":"index","follow":"follow","max-snippet":"max-snippet:-1","max-image-preview":"max-image-preview:large","max-video-preview":"max-video-preview:-1"},"canonical":"https:\/\/www.agencedurisque.fr\/it\/mentions-legales-it\/","og_locale":"it_IT","og_type":"article","og_title":"Mentions l\u00e9gales IT - L&#039;Agence du Risque","og_description":"Mentions L\u00e9gales Chambre r\u00e9gionale de m\u00e9tiers et de l&#8217;artisanat Provence-Alpes-C\u00f4te d\u2019Azur (CMAR PACA) Adresse : 5, boulevard P\u00e8bre &#8211; 13008 MARSEILLE Mail : communication@cmar-paca.fr Directeur de la publication CMAR PACA Animation et gestion \u00e9ditoriale : CMAR PACA R\u00e9daction : CMAR PACA Conception : LaGriffe","og_url":"https:\/\/www.agencedurisque.fr\/it\/mentions-legales-it\/","og_site_name":"L&#039;Agence du Risque","article_modified_time":"2022-04-28T07:47:41+00:00","twitter_card":"summary_large_image","twitter_misc":{"Tempo di lettura stimato":"1 minuto"},"schema":{"@context":"https:\/\/schema.org","@graph":[{"@type":"WebPage","@id":"https:\/\/www.agencedurisque.fr\/it\/mentions-legales-it\/","url":"https:\/\/www.agencedurisque.fr\/it\/mentions-legales-it\/","name":"Mentions l\u00e9gales IT - L&#039;Agence du Risque","isPartOf":{"@id":"https:\/\/www.agencedurisque.fr\/#website"},"datePublished":"2022-01-09T08:59:40+00:00","dateModified":"2022-04-28T07:47:41+00:00","breadcrumb":{"@id":"https:\/\/www.agencedurisque.fr\/it\/mentions-legales-it\/#breadcrumb"},"inLanguage":"it-IT","potentialAction":[{"@type":"ReadAction","target":["https:\/\/www.agencedurisque.fr\/it\/mentions-legales-it\/"]}]},{"@type":"BreadcrumbList","@id":"https:\/\/www.agencedurisque.fr\/it\/mentions-legales-it\/#breadcrumb","itemListElement":[{"@type":"ListItem","position":1,"name":"Accueil","item":"https:\/\/www.agencedurisque.fr\/it\/"},{"@type":"ListItem","position":2,"name":"Mentions l\u00e9gales IT"}]},{"@type":"WebSite","@id":"https:\/\/www.agencedurisque.fr\/#website","url":"https:\/\/www.agencedurisque.fr\/","name":"L&#039;Agence du Risque","description":"","potentialAction":[{"@type":"SearchAction","target":{"@type":"EntryPoint","urlTemplate":"https:\/\/www.agencedurisque.fr\/?s={search_term_string}"},"query-input":"required name=search_term_string"}],"inLanguage":"it-IT"}]}},"_links":{"self":[{"href":"https:\/\/www.agencedurisque.fr\/it\/wp-json\/wp\/v2\/pages\/1275","targetHints":{"allow":["GET"]}}],"collection":[{"href":"https:\/\/www.agencedurisque.fr\/it\/wp-json\/wp\/v2\/pages"}],"about":[{"href":"https:\/\/www.agencedurisque.fr\/it\/wp-json\/wp\/v2\/types\/page"}],"author":[{"embeddable":true,"href":"https:\/\/www.agencedurisque.fr\/it\/wp-json\/wp\/v2\/users\/1"}],"replies":[{"embeddable":true,"href":"https:\/\/www.agencedurisque.fr\/it\/wp-json\/wp\/v2\/comments?post=1275"}],"version-history":[{"count":2,"href":"https:\/\/www.agencedurisque.fr\/it\/wp-json\/wp\/v2\/pages\/1275\/revisions"}],"predecessor-version":[{"id":1476,"href":"https:\/\/www.agencedurisque.fr\/it\/wp-json\/wp\/v2\/pages\/1275\/revisions\/1476"}],"wp:attachment":[{"href":"https:\/\/www.agencedurisque.fr\/it\/wp-json\/wp\/v2\/media?parent=1275"}],"curies":[{"name":"wp","href":"https:\/\/api.w.org\/{rel}","templated":true}]}}