{"id":1273,"date":"2022-01-08T10:08:09","date_gmt":"2022-01-08T09:08:09","guid":{"rendered":"https:\/\/www.agencedurisque.fr\/?page_id=1273"},"modified":"2022-07-08T15:47:11","modified_gmt":"2022-07-08T13:47:11","slug":"i-rischi-transfrontalieri","status":"publish","type":"page","link":"https:\/\/www.agencedurisque.fr\/it\/i-rischi-transfrontalieri\/","title":{"rendered":"I rischi transfrontalieri"},"content":{"rendered":"\t\t<div data-elementor-type=\"wp-page\" data-elementor-id=\"1273\" class=\"elementor elementor-1273 elementor-177\" data-elementor-settings=\"[]\">\n\t\t\t\t\t\t\t<div class=\"elementor-section-wrap\">\n\t\t\t\t\t\t\t<section data-dce-background-overlay-color=\"#000000\" data-dce-background-image-url=\"https:\/\/www.agencedurisque.fr\/wp-content\/uploads\/2022\/02\/iStock-599914592.jpg\" class=\"elementor-section elementor-top-section elementor-element elementor-element-c78c533 elementor-section-height-min-height elementor-section-boxed elementor-section-height-default elementor-section-items-middle\" data-id=\"c78c533\" data-element_type=\"section\" data-settings=\"{&quot;background_background&quot;:&quot;classic&quot;}\">\n\t\t\t\t\t\t\t<div class=\"elementor-background-overlay\"><\/div>\n\t\t\t\t\t\t\t<div class=\"elementor-container elementor-column-gap-default\">\n\t\t\t\t\t<div class=\"elementor-column elementor-col-100 elementor-top-column elementor-element elementor-element-5cdcd71\" data-id=\"5cdcd71\" data-element_type=\"column\">\n\t\t\t<div class=\"elementor-widget-wrap elementor-element-populated\">\n\t\t\t\t\t\t\t\t<div class=\"elementor-element elementor-element-c7c228b elementor-widget elementor-widget-spacer\" data-id=\"c7c228b\" data-element_type=\"widget\" data-widget_type=\"spacer.default\">\n\t\t\t\t<div class=\"elementor-widget-container\">\n\t\t\t\t\t<div class=\"elementor-spacer\">\n\t\t\t<div class=\"elementor-spacer-inner\"><\/div>\n\t\t<\/div>\n\t\t\t\t<\/div>\n\t\t\t\t<\/div>\n\t\t\t\t<div class=\"elementor-element elementor-element-84d98a3 elementor-widget elementor-widget-heading\" data-id=\"84d98a3\" data-element_type=\"widget\" data-widget_type=\"heading.default\">\n\t\t\t\t<div class=\"elementor-widget-container\">\n\t\t\t<style>\/*! elementor - v3.5.3 - 28-12-2021 *\/\n.elementor-heading-title{padding:0;margin:0;line-height:1}.elementor-widget-heading .elementor-heading-title[class*=elementor-size-]>a{color:inherit;font-size:inherit;line-height:inherit}.elementor-widget-heading .elementor-heading-title.elementor-size-small{font-size:15px}.elementor-widget-heading .elementor-heading-title.elementor-size-medium{font-size:19px}.elementor-widget-heading .elementor-heading-title.elementor-size-large{font-size:29px}.elementor-widget-heading .elementor-heading-title.elementor-size-xl{font-size:39px}.elementor-widget-heading .elementor-heading-title.elementor-size-xxl{font-size:59px}<\/style><h1 class=\"elementor-heading-title elementor-size-default\">I rischi<br\/>transfrontalieri<\/h1>\t\t<\/div>\n\t\t\t\t<\/div>\n\t\t\t\t<section class=\"elementor-section elementor-inner-section elementor-element elementor-element-bb7321f elementor-hidden-mobile elementor-section-boxed elementor-section-height-default elementor-section-height-default\" data-id=\"bb7321f\" data-element_type=\"section\">\n\t\t\t\t\t\t<div class=\"elementor-container elementor-column-gap-default\">\n\t\t\t\t\t<div class=\"elementor-column elementor-col-50 elementor-inner-column elementor-element elementor-element-dc9d47c\" data-id=\"dc9d47c\" data-element_type=\"column\">\n\t\t\t<div class=\"elementor-widget-wrap elementor-element-populated\">\n\t\t\t\t\t\t\t\t<div data-dce-background-color=\"#FFFFFF\" class=\"elementor-element elementor-element-a2ad918 elementor-align-center elementor-widget__width-auto elementor-widget elementor-widget-button\" data-id=\"a2ad918\" data-element_type=\"widget\" data-widget_type=\"button.default\">\n\t\t\t\t<div class=\"elementor-widget-container\">\n\t\t\t\t\t<div class=\"elementor-button-wrapper\">\n\t\t\t<a href=\"https:\/\/www.agencedurisque.fr\/it\/i-rischi-transfrontalieri\/\" class=\"elementor-button-link elementor-button elementor-size-sm\" role=\"button\">\n\t\t\t\t\t\t<span class=\"elementor-button-content-wrapper\">\n\t\t\t\t\t\t<span class=\"elementor-button-text\">Previeni i miei rischi<\/span>\n\t\t<\/span>\n\t\t\t\t\t<\/a>\n\t\t<\/div>\n\t\t\t\t<\/div>\n\t\t\t\t<\/div>\n\t\t\t\t\t<\/div>\n\t\t<\/div>\n\t\t\t\t<div class=\"elementor-column elementor-col-50 elementor-inner-column elementor-element elementor-element-9934b3c\" data-id=\"9934b3c\" data-element_type=\"column\">\n\t\t\t<div class=\"elementor-widget-wrap elementor-element-populated\">\n\t\t\t\t\t\t\t\t<div data-dce-background-color=\"#000000\" class=\"elementor-element elementor-element-7cea5c8 elementor-align-center elementor-widget__width-auto elementor-widget elementor-widget-button\" data-id=\"7cea5c8\" data-element_type=\"widget\" data-widget_type=\"button.default\">\n\t\t\t\t<div class=\"elementor-widget-container\">\n\t\t\t\t\t<div class=\"elementor-button-wrapper\">\n\t\t\t<a href=\"https:\/\/dossierunique.powerappsportals.com\" target=\"_blank\" class=\"elementor-button-link elementor-button elementor-size-sm\" role=\"button\">\n\t\t\t\t\t\t<span class=\"elementor-button-content-wrapper\">\n\t\t\t\t\t\t<span class=\"elementor-button-text\">Segnala le mie affermazioni<\/span>\n\t\t<\/span>\n\t\t\t\t\t<\/a>\n\t\t<\/div>\n\t\t\t\t<\/div>\n\t\t\t\t<\/div>\n\t\t\t\t\t<\/div>\n\t\t<\/div>\n\t\t\t\t\t\t\t<\/div>\n\t\t<\/section>\n\t\t\t\t\t<\/div>\n\t\t<\/div>\n\t\t\t\t\t\t\t<\/div>\n\t\t<\/section>\n\t\t\t\t<section class=\"elementor-section elementor-top-section elementor-element elementor-element-2f78439 corp-contenu elementor-section-boxed elementor-section-height-default elementor-section-height-default\" data-id=\"2f78439\" data-element_type=\"section\">\n\t\t\t\t\t\t<div class=\"elementor-container elementor-column-gap-default\">\n\t\t\t\t\t<div class=\"elementor-column elementor-col-100 elementor-top-column elementor-element elementor-element-a90775f\" data-id=\"a90775f\" data-element_type=\"column\">\n\t\t\t<div class=\"elementor-widget-wrap elementor-element-populated\">\n\t\t\t\t\t\t\t\t<div class=\"elementor-element elementor-element-2858e3a elementor-widget elementor-widget-text-editor\" data-id=\"2858e3a\" data-element_type=\"widget\" data-widget_type=\"text-editor.default\">\n\t\t\t\t<div class=\"elementor-widget-container\">\n\t\t\t<style>\/*! elementor - v3.5.3 - 28-12-2021 *\/\n.elementor-widget-text-editor.elementor-drop-cap-view-stacked .elementor-drop-cap{background-color:#818a91;color:#fff}.elementor-widget-text-editor.elementor-drop-cap-view-framed .elementor-drop-cap{color:#818a91;border:3px solid;background-color:transparent}.elementor-widget-text-editor:not(.elementor-drop-cap-view-default) .elementor-drop-cap{margin-top:8px}.elementor-widget-text-editor:not(.elementor-drop-cap-view-default) .elementor-drop-cap-letter{width:1em;height:1em}.elementor-widget-text-editor .elementor-drop-cap{float:left;text-align:center;line-height:1;font-size:50px}.elementor-widget-text-editor .elementor-drop-cap-letter{display:inline-block}<\/style>\t\t\t\t<h3>Che cosa si intende per rischio?<\/h3><p>Definire il termine rischio \u00e8 fondamentale per comprendere bene il suo significato. Un rischio rappresenta la possibilit\u00e0 di subire gli effetti negativi di un determinato evento.<\/p><p>Pertanto quando si parla di rischio, \u00e8 necessario considerare sempre due aspetti:<\/p><ul><li>La probabilit\u00e0 che si verifichi un evento, che potr\u00e0 assumere forme diverse quali l&#8217;inondazione, il terremoto, l\u2019attentato, &#8230; un tipo di evento che potr\u00e0 essere pi\u00f9 o meno prevedibile.<\/li><li>La possibilit\u00e0 che tale evento abbia conseguenze sulla popolazione, l\u2019ambiente, gli insediamenti abitativi e produttivi.<\/li><\/ul><p>Un fenomeno non \u00e8 pericoloso, se non ha conseguenze.<\/p><p>Per definizione, un rischio \u00e8 il prodotto di un fenomeno (inondazione, terremoto, valanga&#8230;) che\u00a0 coinvolge gli insediamenti umani presenti sul territorio.<\/p><h3>I differenti rischi nel territorio<\/h3><p>Esondazioni, siccit\u00e0, terremoti, smottamenti, incendi boschivi, inondazioni costiere, valanghe&#8230;<\/p><p>Il territorio \u00e8 vulnerabile ai rischi naturali. Questo si spiega con il carattere \u00abestremo\u00bb del clima mediterraneo, la cui siccit\u00e0 estiva e la violenza delle precipitazioni autunnali favoriscono di volta in volta incendi boschivi, smottamenti e \u00a0inondazioni.<\/p><p>Bench\u00e9 il territorio sia esposto a rischi diversi, \u00e8 possibile limitarne gli effetti dannosi, informandosi, imparando e anticipando i fenomeni, al fine di avere un ambiente e un comportamento adeguati.<\/p>\t\t\t\t\t\t<\/div>\n\t\t\t\t<\/div>\n\t\t\t\t\t<\/div>\n\t\t<\/div>\n\t\t\t\t\t\t\t<\/div>\n\t\t<\/section>\n\t\t\t\t\t\t<\/div>\n\t\t\t\t\t<\/div>\n\t\t","protected":false},"excerpt":{"rendered":"<p>I rischitransfrontalieri Previeni i miei rischi Segnala le mie affermazioni Che cosa si intende per rischio? Definire il termine rischio \u00e8 fondamentale per comprendere bene il suo significato. Un rischio rappresenta la possibilit\u00e0 di subire gli effetti negativi di un determinato evento. Pertanto quando si parla di rischio, \u00e8 necessario considerare sempre due aspetti: La [&hellip;]<\/p>\n","protected":false},"author":1,"featured_media":0,"parent":0,"menu_order":0,"comment_status":"closed","ping_status":"closed","template":"","meta":{"footnotes":""},"class_list":["post-1273","page","type-page","status-publish","hentry"],"acf":[],"yoast_head":"<!-- This site is optimized with the Yoast SEO plugin v19.9 - https:\/\/yoast.com\/wordpress\/plugins\/seo\/ -->\n<title>I rischi transfrontalieri - L&#039;Agence du Risque<\/title>\n<meta name=\"robots\" content=\"index, follow, max-snippet:-1, max-image-preview:large, max-video-preview:-1\" \/>\n<link rel=\"canonical\" href=\"https:\/\/www.agencedurisque.fr\/it\/i-rischi-transfrontalieri\/\" \/>\n<meta property=\"og:locale\" content=\"it_IT\" \/>\n<meta property=\"og:type\" content=\"article\" \/>\n<meta property=\"og:title\" content=\"I rischi transfrontalieri - L&#039;Agence du Risque\" \/>\n<meta property=\"og:description\" content=\"I rischitransfrontalieri Previeni i miei rischi Segnala le mie affermazioni Che cosa si intende per rischio? Definire il termine rischio \u00e8 fondamentale per comprendere bene il suo significato. Un rischio rappresenta la possibilit\u00e0 di subire gli effetti negativi di un determinato evento. Pertanto quando si parla di rischio, \u00e8 necessario considerare sempre due aspetti: La [&hellip;]\" \/>\n<meta property=\"og:url\" content=\"https:\/\/www.agencedurisque.fr\/it\/i-rischi-transfrontalieri\/\" \/>\n<meta property=\"og:site_name\" content=\"L&#039;Agence du Risque\" \/>\n<meta property=\"article:modified_time\" content=\"2022-07-08T13:47:11+00:00\" \/>\n<meta name=\"twitter:card\" content=\"summary_large_image\" \/>\n<meta name=\"twitter:label1\" content=\"Tempo di lettura stimato\" \/>\n\t<meta name=\"twitter:data1\" content=\"2 minuti\" \/>\n<script type=\"application\/ld+json\" class=\"yoast-schema-graph\">{\"@context\":\"https:\/\/schema.org\",\"@graph\":[{\"@type\":\"WebPage\",\"@id\":\"https:\/\/www.agencedurisque.fr\/it\/i-rischi-transfrontalieri\/\",\"url\":\"https:\/\/www.agencedurisque.fr\/it\/i-rischi-transfrontalieri\/\",\"name\":\"I rischi transfrontalieri - L&#039;Agence du Risque\",\"isPartOf\":{\"@id\":\"https:\/\/www.agencedurisque.fr\/#website\"},\"datePublished\":\"2022-01-08T09:08:09+00:00\",\"dateModified\":\"2022-07-08T13:47:11+00:00\",\"breadcrumb\":{\"@id\":\"https:\/\/www.agencedurisque.fr\/it\/i-rischi-transfrontalieri\/#breadcrumb\"},\"inLanguage\":\"it-IT\",\"potentialAction\":[{\"@type\":\"ReadAction\",\"target\":[\"https:\/\/www.agencedurisque.fr\/it\/i-rischi-transfrontalieri\/\"]}]},{\"@type\":\"BreadcrumbList\",\"@id\":\"https:\/\/www.agencedurisque.fr\/it\/i-rischi-transfrontalieri\/#breadcrumb\",\"itemListElement\":[{\"@type\":\"ListItem\",\"position\":1,\"name\":\"Accueil\",\"item\":\"https:\/\/www.agencedurisque.fr\/it\/\"},{\"@type\":\"ListItem\",\"position\":2,\"name\":\"I rischi transfrontalieri\"}]},{\"@type\":\"WebSite\",\"@id\":\"https:\/\/www.agencedurisque.fr\/#website\",\"url\":\"https:\/\/www.agencedurisque.fr\/\",\"name\":\"L&#039;Agence du Risque\",\"description\":\"\",\"potentialAction\":[{\"@type\":\"SearchAction\",\"target\":{\"@type\":\"EntryPoint\",\"urlTemplate\":\"https:\/\/www.agencedurisque.fr\/?s={search_term_string}\"},\"query-input\":\"required name=search_term_string\"}],\"inLanguage\":\"it-IT\"}]}<\/script>\n<!-- \/ Yoast SEO plugin. -->","yoast_head_json":{"title":"I rischi transfrontalieri - L&#039;Agence du Risque","robots":{"index":"index","follow":"follow","max-snippet":"max-snippet:-1","max-image-preview":"max-image-preview:large","max-video-preview":"max-video-preview:-1"},"canonical":"https:\/\/www.agencedurisque.fr\/it\/i-rischi-transfrontalieri\/","og_locale":"it_IT","og_type":"article","og_title":"I rischi transfrontalieri - L&#039;Agence du Risque","og_description":"I rischitransfrontalieri Previeni i miei rischi Segnala le mie affermazioni Che cosa si intende per rischio? Definire il termine rischio \u00e8 fondamentale per comprendere bene il suo significato. Un rischio rappresenta la possibilit\u00e0 di subire gli effetti negativi di un determinato evento. Pertanto quando si parla di rischio, \u00e8 necessario considerare sempre due aspetti: La [&hellip;]","og_url":"https:\/\/www.agencedurisque.fr\/it\/i-rischi-transfrontalieri\/","og_site_name":"L&#039;Agence du Risque","article_modified_time":"2022-07-08T13:47:11+00:00","twitter_card":"summary_large_image","twitter_misc":{"Tempo di lettura stimato":"2 minuti"},"schema":{"@context":"https:\/\/schema.org","@graph":[{"@type":"WebPage","@id":"https:\/\/www.agencedurisque.fr\/it\/i-rischi-transfrontalieri\/","url":"https:\/\/www.agencedurisque.fr\/it\/i-rischi-transfrontalieri\/","name":"I rischi transfrontalieri - L&#039;Agence du Risque","isPartOf":{"@id":"https:\/\/www.agencedurisque.fr\/#website"},"datePublished":"2022-01-08T09:08:09+00:00","dateModified":"2022-07-08T13:47:11+00:00","breadcrumb":{"@id":"https:\/\/www.agencedurisque.fr\/it\/i-rischi-transfrontalieri\/#breadcrumb"},"inLanguage":"it-IT","potentialAction":[{"@type":"ReadAction","target":["https:\/\/www.agencedurisque.fr\/it\/i-rischi-transfrontalieri\/"]}]},{"@type":"BreadcrumbList","@id":"https:\/\/www.agencedurisque.fr\/it\/i-rischi-transfrontalieri\/#breadcrumb","itemListElement":[{"@type":"ListItem","position":1,"name":"Accueil","item":"https:\/\/www.agencedurisque.fr\/it\/"},{"@type":"ListItem","position":2,"name":"I rischi transfrontalieri"}]},{"@type":"WebSite","@id":"https:\/\/www.agencedurisque.fr\/#website","url":"https:\/\/www.agencedurisque.fr\/","name":"L&#039;Agence du Risque","description":"","potentialAction":[{"@type":"SearchAction","target":{"@type":"EntryPoint","urlTemplate":"https:\/\/www.agencedurisque.fr\/?s={search_term_string}"},"query-input":"required name=search_term_string"}],"inLanguage":"it-IT"}]}},"_links":{"self":[{"href":"https:\/\/www.agencedurisque.fr\/it\/wp-json\/wp\/v2\/pages\/1273","targetHints":{"allow":["GET"]}}],"collection":[{"href":"https:\/\/www.agencedurisque.fr\/it\/wp-json\/wp\/v2\/pages"}],"about":[{"href":"https:\/\/www.agencedurisque.fr\/it\/wp-json\/wp\/v2\/types\/page"}],"author":[{"embeddable":true,"href":"https:\/\/www.agencedurisque.fr\/it\/wp-json\/wp\/v2\/users\/1"}],"replies":[{"embeddable":true,"href":"https:\/\/www.agencedurisque.fr\/it\/wp-json\/wp\/v2\/comments?post=1273"}],"version-history":[{"count":15,"href":"https:\/\/www.agencedurisque.fr\/it\/wp-json\/wp\/v2\/pages\/1273\/revisions"}],"predecessor-version":[{"id":1710,"href":"https:\/\/www.agencedurisque.fr\/it\/wp-json\/wp\/v2\/pages\/1273\/revisions\/1710"}],"wp:attachment":[{"href":"https:\/\/www.agencedurisque.fr\/it\/wp-json\/wp\/v2\/media?parent=1273"}],"curies":[{"name":"wp","href":"https:\/\/api.w.org\/{rel}","templated":true}]}}