{"id":1269,"date":"2022-01-08T10:33:06","date_gmt":"2022-01-08T09:33:06","guid":{"rendered":"https:\/\/www.agencedurisque.fr\/?page_id=1269"},"modified":"2022-07-08T15:47:53","modified_gmt":"2022-07-08T13:47:53","slug":"il-rischio-sanitario-le-misure-di-confinamento","status":"publish","type":"page","link":"https:\/\/www.agencedurisque.fr\/it\/il-rischio-sanitario-le-misure-di-confinamento\/","title":{"rendered":"Il rischio sanitario \u2013 le misure di confinamento"},"content":{"rendered":"\t\t<div data-elementor-type=\"wp-page\" data-elementor-id=\"1269\" class=\"elementor elementor-1269 elementor-235\" data-elementor-settings=\"[]\">\n\t\t\t\t\t\t\t<div class=\"elementor-section-wrap\">\n\t\t\t\t\t\t\t<section data-dce-background-overlay-color=\"#000000\" data-dce-background-image-url=\"https:\/\/www.agencedurisque.fr\/wp-content\/uploads\/2022\/01\/sanitaire.jpg\" class=\"elementor-section elementor-top-section elementor-element elementor-element-c78c533 elementor-section-height-min-height elementor-section-boxed elementor-section-height-default elementor-section-items-middle\" data-id=\"c78c533\" data-element_type=\"section\" data-settings=\"{&quot;background_background&quot;:&quot;classic&quot;}\">\n\t\t\t\t\t\t\t<div class=\"elementor-background-overlay\"><\/div>\n\t\t\t\t\t\t\t<div class=\"elementor-container elementor-column-gap-default\">\n\t\t\t\t\t<div class=\"elementor-column elementor-col-100 elementor-top-column elementor-element elementor-element-5cdcd71\" data-id=\"5cdcd71\" data-element_type=\"column\">\n\t\t\t<div class=\"elementor-widget-wrap elementor-element-populated\">\n\t\t\t\t\t\t\t\t<div class=\"elementor-element elementor-element-c7c228b elementor-widget elementor-widget-spacer\" data-id=\"c7c228b\" data-element_type=\"widget\" data-widget_type=\"spacer.default\">\n\t\t\t\t<div class=\"elementor-widget-container\">\n\t\t\t\t\t<div class=\"elementor-spacer\">\n\t\t\t<div class=\"elementor-spacer-inner\"><\/div>\n\t\t<\/div>\n\t\t\t\t<\/div>\n\t\t\t\t<\/div>\n\t\t\t\t<div class=\"elementor-element elementor-element-84d98a3 elementor-widget elementor-widget-heading\" data-id=\"84d98a3\" data-element_type=\"widget\" data-widget_type=\"heading.default\">\n\t\t\t\t<div class=\"elementor-widget-container\">\n\t\t\t<style>\/*! elementor - v3.5.3 - 28-12-2021 *\/\n.elementor-heading-title{padding:0;margin:0;line-height:1}.elementor-widget-heading .elementor-heading-title[class*=elementor-size-]>a{color:inherit;font-size:inherit;line-height:inherit}.elementor-widget-heading .elementor-heading-title.elementor-size-small{font-size:15px}.elementor-widget-heading .elementor-heading-title.elementor-size-medium{font-size:19px}.elementor-widget-heading .elementor-heading-title.elementor-size-large{font-size:29px}.elementor-widget-heading .elementor-heading-title.elementor-size-xl{font-size:39px}.elementor-widget-heading .elementor-heading-title.elementor-size-xxl{font-size:59px}<\/style><h1 class=\"elementor-heading-title elementor-size-default\">Il rischio sanitario<br\/>le misure di confinamento<\/h1>\t\t<\/div>\n\t\t\t\t<\/div>\n\t\t\t\t<section class=\"elementor-section elementor-inner-section elementor-element elementor-element-bb7321f elementor-hidden-mobile elementor-section-boxed elementor-section-height-default elementor-section-height-default\" data-id=\"bb7321f\" data-element_type=\"section\">\n\t\t\t\t\t\t<div class=\"elementor-container elementor-column-gap-default\">\n\t\t\t\t\t<div class=\"elementor-column elementor-col-50 elementor-inner-column elementor-element elementor-element-dc9d47c\" data-id=\"dc9d47c\" data-element_type=\"column\">\n\t\t\t<div class=\"elementor-widget-wrap elementor-element-populated\">\n\t\t\t\t\t\t\t\t<div data-dce-background-color=\"#FFFFFF\" class=\"elementor-element elementor-element-a2ad918 elementor-align-center elementor-widget__width-auto elementor-widget elementor-widget-button\" data-id=\"a2ad918\" data-element_type=\"widget\" data-widget_type=\"button.default\">\n\t\t\t\t<div class=\"elementor-widget-container\">\n\t\t\t\t\t<div class=\"elementor-button-wrapper\">\n\t\t\t<a href=\"https:\/\/www.agencedurisque.fr\/it\/i-rischi-transfrontalieri\/\" class=\"elementor-button-link elementor-button elementor-size-sm\" role=\"button\">\n\t\t\t\t\t\t<span class=\"elementor-button-content-wrapper\">\n\t\t\t\t\t\t<span class=\"elementor-button-text\">Previeni i miei rischi<\/span>\n\t\t<\/span>\n\t\t\t\t\t<\/a>\n\t\t<\/div>\n\t\t\t\t<\/div>\n\t\t\t\t<\/div>\n\t\t\t\t\t<\/div>\n\t\t<\/div>\n\t\t\t\t<div class=\"elementor-column elementor-col-50 elementor-inner-column elementor-element elementor-element-9934b3c\" data-id=\"9934b3c\" data-element_type=\"column\">\n\t\t\t<div class=\"elementor-widget-wrap elementor-element-populated\">\n\t\t\t\t\t\t\t\t<div data-dce-background-color=\"#000000\" class=\"elementor-element elementor-element-7cea5c8 elementor-align-center elementor-widget__width-auto elementor-widget elementor-widget-button\" data-id=\"7cea5c8\" data-element_type=\"widget\" data-widget_type=\"button.default\">\n\t\t\t\t<div class=\"elementor-widget-container\">\n\t\t\t\t\t<div class=\"elementor-button-wrapper\">\n\t\t\t<a href=\"https:\/\/dossierunique.powerappsportals.com\" target=\"_blank\" class=\"elementor-button-link elementor-button elementor-size-sm\" role=\"button\">\n\t\t\t\t\t\t<span class=\"elementor-button-content-wrapper\">\n\t\t\t\t\t\t<span class=\"elementor-button-text\">Segnala le mie affermazioni<\/span>\n\t\t<\/span>\n\t\t\t\t\t<\/a>\n\t\t<\/div>\n\t\t\t\t<\/div>\n\t\t\t\t<\/div>\n\t\t\t\t\t<\/div>\n\t\t<\/div>\n\t\t\t\t\t\t\t<\/div>\n\t\t<\/section>\n\t\t\t\t\t<\/div>\n\t\t<\/div>\n\t\t\t\t\t\t\t<\/div>\n\t\t<\/section>\n\t\t\t\t<section class=\"elementor-section elementor-top-section elementor-element elementor-element-2f78439 corp-contenu elementor-section-boxed elementor-section-height-default elementor-section-height-default\" data-id=\"2f78439\" data-element_type=\"section\">\n\t\t\t\t\t\t<div class=\"elementor-container elementor-column-gap-default\">\n\t\t\t\t\t<div class=\"elementor-column elementor-col-100 elementor-top-column elementor-element elementor-element-a90775f\" data-id=\"a90775f\" data-element_type=\"column\">\n\t\t\t<div class=\"elementor-widget-wrap elementor-element-populated\">\n\t\t\t\t\t\t\t\t<div class=\"elementor-element elementor-element-5c7aa9b elementor-widget elementor-widget-text-editor\" data-id=\"5c7aa9b\" data-element_type=\"widget\" data-widget_type=\"text-editor.default\">\n\t\t\t\t<div class=\"elementor-widget-container\">\n\t\t\t<style>\/*! elementor - v3.5.3 - 28-12-2021 *\/\n.elementor-widget-text-editor.elementor-drop-cap-view-stacked .elementor-drop-cap{background-color:#818a91;color:#fff}.elementor-widget-text-editor.elementor-drop-cap-view-framed .elementor-drop-cap{color:#818a91;border:3px solid;background-color:transparent}.elementor-widget-text-editor:not(.elementor-drop-cap-view-default) .elementor-drop-cap{margin-top:8px}.elementor-widget-text-editor:not(.elementor-drop-cap-view-default) .elementor-drop-cap-letter{width:1em;height:1em}.elementor-widget-text-editor .elementor-drop-cap{float:left;text-align:center;line-height:1;font-size:50px}.elementor-widget-text-editor .elementor-drop-cap-letter{display:inline-block}<\/style>\t\t\t\t<h6>Si definisce rischio sanitario un rischio immediato oppure a lungo termine, che rappresenta una minaccia diretta per la salute delle popolazioni e che richiede una risposta adeguata da parte del sistema sanitario. Tra questi rischi figurano, in particolare, i rischi infettivi che possono comportare la contaminazione della popolazione.<\/h6>\t\t\t\t\t\t<\/div>\n\t\t\t\t<\/div>\n\t\t\t\t<div class=\"elementor-element elementor-element-2858e3a elementor-widget elementor-widget-text-editor\" data-id=\"2858e3a\" data-element_type=\"widget\" data-widget_type=\"text-editor.default\">\n\t\t\t\t<div class=\"elementor-widget-container\">\n\t\t\t\t\t\t\t<p>L&#8217;epidemia di Covid-19 ha messo in evidenza l&#8217;importanza della valutazione del rischio sanitario e la necessit\u00e0 di mettere in atto un piano di azione che protegga i dipendenti e la clientela. La tutela della salute e della sicurezza dei lavoratori \u00e8 responsabilit\u00e0 del datore di lavoro in qualsiasi circostanza.<\/p><p>La pandemia di Covid-19 ha scombinato le condizioni di lavoro. Per le aziende, \u00e8 necessario prevenire per riuscire ad adattarsi meglio alle diverse situazioni e permettere cos\u00ec all&#8217;impresa di continuare la propria attivit\u00e0.<\/p><p><strong>\u00a0<\/strong><\/p><h3>Come considerare il rischio sanitario all\u2019interno di un\u2019azienda?<\/h3><p>\u00c8 necessario effettuare una valutazione del rischio sanitario:<\/p><ul><li>considerare tutte le situazioni di esposizione al virus,<\/li><li>mettere in atto misure di prevenzione al fine di eliminare o limitare l&#8217;esposizione al rischio: riorganizzazione del luogo di lavoro, riorganizzazione dell&#8217;orario di lavoro, distanziamento fisico, gesti di protezione, &#8230;<\/li><\/ul><h3>Le principali misure di protezione<\/h3><ul><li>Distanziamento fisico<\/li><li>Smart working<\/li><li>Installare un \u00abrilevatore\u00bb che indichi il numero di persone che possono essere presenti contemporaneamente in uno stesso spazio chiuso<\/li><li>Aerare gli spazi chiusi<\/li><li>Controllare la ventilazione naturale o meccanica<\/li><li>Indossare la mascherina<\/li><li>Pulire e sanificare i locali<\/li><li>Mettere in atto un protocollo di igiene per il lavaggio sistematico delle mani<\/li><li>Mettere a disposizione gel idroalcolico<\/li><li>Informare i dipendenti e i clienti sulle procedure di igiene e protezione<\/li><\/ul><h3>Le principali misure di adattamento al consumo in caso di misure di confinamento:<\/h3><ul><li>Essere visibile su internet: controllare il posizionamento del proprio sito web, essere presenti su internet<\/li><li>Assicurarsi che le informazioni e i propri dati di contatto pubblicati siano corretti<\/li><li>Mantenere i contatti con i clienti, informandoli sugli sviluppi della vostra organizzazione<\/li><li>Realizzare la vendita a distanza:<ul><li>In un primo tempo: prenotazione remota con ritiro in loco<\/li><li>In seguito: vendita con pagamento online, vendita tramite piattaforma, oppure tramite il proprio sito web<\/li><li>Prestate attenzione alle nuove pratiche di vendita e di consumo.<\/li><\/ul><\/li><\/ul><h3>Infografica delle buone pratiche da seguire<\/h3><p>Le buone pratiche da seguire sono illustrate nell\u2019 infografica, che potrete scaricare. Vi invitiamo ad esporre questo documento informativo all&#8217;interno della vostra azienda.<\/p>\t\t\t\t\t\t<\/div>\n\t\t\t\t<\/div>\n\t\t\t\t<div data-dce-background-color=\"#000000\" class=\"elementor-element elementor-element-4fc612b elementor-align-center elementor-widget__width-auto elementor-widget elementor-widget-button\" data-id=\"4fc612b\" data-element_type=\"widget\" data-widget_type=\"button.default\">\n\t\t\t\t<div class=\"elementor-widget-container\">\n\t\t\t\t\t<div class=\"elementor-button-wrapper\">\n\t\t\t<a href=\"https:\/\/www.agencedurisque.fr\/wp-content\/uploads\/2022\/06\/confinamento.pdf\" target=\"_blank\" class=\"elementor-button-link elementor-button elementor-size-sm\" role=\"button\">\n\t\t\t\t\t\t<span class=\"elementor-button-content-wrapper\">\n\t\t\t\t\t\t<span class=\"elementor-button-text\">Scaricare il foglio sanitario<\/span>\n\t\t<\/span>\n\t\t\t\t\t<\/a>\n\t\t<\/div>\n\t\t\t\t<\/div>\n\t\t\t\t<\/div>\n\t\t\t\t\t<\/div>\n\t\t<\/div>\n\t\t\t\t\t\t\t<\/div>\n\t\t<\/section>\n\t\t\t\t\t\t<\/div>\n\t\t\t\t\t<\/div>\n\t\t","protected":false},"excerpt":{"rendered":"<p>Il rischio sanitariole misure di confinamento Previeni i miei rischi Segnala le mie affermazioni Si definisce rischio sanitario un rischio immediato oppure a lungo termine, che rappresenta una minaccia diretta per la salute delle popolazioni e che richiede una risposta adeguata da parte del sistema sanitario. Tra questi rischi figurano, in particolare, i rischi infettivi [&hellip;]<\/p>\n","protected":false},"author":1,"featured_media":0,"parent":0,"menu_order":0,"comment_status":"closed","ping_status":"closed","template":"","meta":{"footnotes":""},"class_list":["post-1269","page","type-page","status-publish","hentry"],"acf":[],"yoast_head":"<!-- This site is optimized with the Yoast SEO plugin v19.9 - https:\/\/yoast.com\/wordpress\/plugins\/seo\/ -->\n<title>Il rischio sanitario \u2013 le misure di confinamento - L&#039;Agence du Risque<\/title>\n<meta name=\"robots\" content=\"index, follow, max-snippet:-1, max-image-preview:large, max-video-preview:-1\" \/>\n<link rel=\"canonical\" href=\"https:\/\/www.agencedurisque.fr\/it\/il-rischio-sanitario-le-misure-di-confinamento\/\" \/>\n<meta property=\"og:locale\" content=\"it_IT\" \/>\n<meta property=\"og:type\" content=\"article\" \/>\n<meta property=\"og:title\" content=\"Il rischio sanitario \u2013 le misure di confinamento - L&#039;Agence du Risque\" \/>\n<meta property=\"og:description\" content=\"Il rischio sanitariole misure di confinamento Previeni i miei rischi Segnala le mie affermazioni Si definisce rischio sanitario un rischio immediato oppure a lungo termine, che rappresenta una minaccia diretta per la salute delle popolazioni e che richiede una risposta adeguata da parte del sistema sanitario. Tra questi rischi figurano, in particolare, i rischi infettivi [&hellip;]\" \/>\n<meta property=\"og:url\" content=\"https:\/\/www.agencedurisque.fr\/it\/il-rischio-sanitario-le-misure-di-confinamento\/\" \/>\n<meta property=\"og:site_name\" content=\"L&#039;Agence du Risque\" \/>\n<meta property=\"article:modified_time\" content=\"2022-07-08T13:47:53+00:00\" \/>\n<meta name=\"twitter:card\" content=\"summary_large_image\" \/>\n<meta name=\"twitter:label1\" content=\"Tempo di lettura stimato\" \/>\n\t<meta name=\"twitter:data1\" content=\"3 minuti\" \/>\n<script type=\"application\/ld+json\" class=\"yoast-schema-graph\">{\"@context\":\"https:\/\/schema.org\",\"@graph\":[{\"@type\":\"WebPage\",\"@id\":\"https:\/\/www.agencedurisque.fr\/it\/il-rischio-sanitario-le-misure-di-confinamento\/\",\"url\":\"https:\/\/www.agencedurisque.fr\/it\/il-rischio-sanitario-le-misure-di-confinamento\/\",\"name\":\"Il rischio sanitario \u2013 le misure di confinamento - L&#039;Agence du Risque\",\"isPartOf\":{\"@id\":\"https:\/\/www.agencedurisque.fr\/#website\"},\"datePublished\":\"2022-01-08T09:33:06+00:00\",\"dateModified\":\"2022-07-08T13:47:53+00:00\",\"breadcrumb\":{\"@id\":\"https:\/\/www.agencedurisque.fr\/it\/il-rischio-sanitario-le-misure-di-confinamento\/#breadcrumb\"},\"inLanguage\":\"it-IT\",\"potentialAction\":[{\"@type\":\"ReadAction\",\"target\":[\"https:\/\/www.agencedurisque.fr\/it\/il-rischio-sanitario-le-misure-di-confinamento\/\"]}]},{\"@type\":\"BreadcrumbList\",\"@id\":\"https:\/\/www.agencedurisque.fr\/it\/il-rischio-sanitario-le-misure-di-confinamento\/#breadcrumb\",\"itemListElement\":[{\"@type\":\"ListItem\",\"position\":1,\"name\":\"Accueil\",\"item\":\"https:\/\/www.agencedurisque.fr\/it\/\"},{\"@type\":\"ListItem\",\"position\":2,\"name\":\"Il rischio sanitario \u2013 le misure di confinamento\"}]},{\"@type\":\"WebSite\",\"@id\":\"https:\/\/www.agencedurisque.fr\/#website\",\"url\":\"https:\/\/www.agencedurisque.fr\/\",\"name\":\"L&#039;Agence du Risque\",\"description\":\"\",\"potentialAction\":[{\"@type\":\"SearchAction\",\"target\":{\"@type\":\"EntryPoint\",\"urlTemplate\":\"https:\/\/www.agencedurisque.fr\/?s={search_term_string}\"},\"query-input\":\"required name=search_term_string\"}],\"inLanguage\":\"it-IT\"}]}<\/script>\n<!-- \/ Yoast SEO plugin. -->","yoast_head_json":{"title":"Il rischio sanitario \u2013 le misure di confinamento - L&#039;Agence du Risque","robots":{"index":"index","follow":"follow","max-snippet":"max-snippet:-1","max-image-preview":"max-image-preview:large","max-video-preview":"max-video-preview:-1"},"canonical":"https:\/\/www.agencedurisque.fr\/it\/il-rischio-sanitario-le-misure-di-confinamento\/","og_locale":"it_IT","og_type":"article","og_title":"Il rischio sanitario \u2013 le misure di confinamento - L&#039;Agence du Risque","og_description":"Il rischio sanitariole misure di confinamento Previeni i miei rischi Segnala le mie affermazioni Si definisce rischio sanitario un rischio immediato oppure a lungo termine, che rappresenta una minaccia diretta per la salute delle popolazioni e che richiede una risposta adeguata da parte del sistema sanitario. Tra questi rischi figurano, in particolare, i rischi infettivi [&hellip;]","og_url":"https:\/\/www.agencedurisque.fr\/it\/il-rischio-sanitario-le-misure-di-confinamento\/","og_site_name":"L&#039;Agence du Risque","article_modified_time":"2022-07-08T13:47:53+00:00","twitter_card":"summary_large_image","twitter_misc":{"Tempo di lettura stimato":"3 minuti"},"schema":{"@context":"https:\/\/schema.org","@graph":[{"@type":"WebPage","@id":"https:\/\/www.agencedurisque.fr\/it\/il-rischio-sanitario-le-misure-di-confinamento\/","url":"https:\/\/www.agencedurisque.fr\/it\/il-rischio-sanitario-le-misure-di-confinamento\/","name":"Il rischio sanitario \u2013 le misure di confinamento - L&#039;Agence du Risque","isPartOf":{"@id":"https:\/\/www.agencedurisque.fr\/#website"},"datePublished":"2022-01-08T09:33:06+00:00","dateModified":"2022-07-08T13:47:53+00:00","breadcrumb":{"@id":"https:\/\/www.agencedurisque.fr\/it\/il-rischio-sanitario-le-misure-di-confinamento\/#breadcrumb"},"inLanguage":"it-IT","potentialAction":[{"@type":"ReadAction","target":["https:\/\/www.agencedurisque.fr\/it\/il-rischio-sanitario-le-misure-di-confinamento\/"]}]},{"@type":"BreadcrumbList","@id":"https:\/\/www.agencedurisque.fr\/it\/il-rischio-sanitario-le-misure-di-confinamento\/#breadcrumb","itemListElement":[{"@type":"ListItem","position":1,"name":"Accueil","item":"https:\/\/www.agencedurisque.fr\/it\/"},{"@type":"ListItem","position":2,"name":"Il rischio sanitario \u2013 le misure di confinamento"}]},{"@type":"WebSite","@id":"https:\/\/www.agencedurisque.fr\/#website","url":"https:\/\/www.agencedurisque.fr\/","name":"L&#039;Agence du Risque","description":"","potentialAction":[{"@type":"SearchAction","target":{"@type":"EntryPoint","urlTemplate":"https:\/\/www.agencedurisque.fr\/?s={search_term_string}"},"query-input":"required name=search_term_string"}],"inLanguage":"it-IT"}]}},"_links":{"self":[{"href":"https:\/\/www.agencedurisque.fr\/it\/wp-json\/wp\/v2\/pages\/1269","targetHints":{"allow":["GET"]}}],"collection":[{"href":"https:\/\/www.agencedurisque.fr\/it\/wp-json\/wp\/v2\/pages"}],"about":[{"href":"https:\/\/www.agencedurisque.fr\/it\/wp-json\/wp\/v2\/types\/page"}],"author":[{"embeddable":true,"href":"https:\/\/www.agencedurisque.fr\/it\/wp-json\/wp\/v2\/users\/1"}],"replies":[{"embeddable":true,"href":"https:\/\/www.agencedurisque.fr\/it\/wp-json\/wp\/v2\/comments?post=1269"}],"version-history":[{"count":19,"href":"https:\/\/www.agencedurisque.fr\/it\/wp-json\/wp\/v2\/pages\/1269\/revisions"}],"predecessor-version":[{"id":1731,"href":"https:\/\/www.agencedurisque.fr\/it\/wp-json\/wp\/v2\/pages\/1269\/revisions\/1731"}],"wp:attachment":[{"href":"https:\/\/www.agencedurisque.fr\/it\/wp-json\/wp\/v2\/media?parent=1269"}],"curies":[{"name":"wp","href":"https:\/\/api.w.org\/{rel}","templated":true}]}}