{"id":1265,"date":"2022-01-08T10:52:20","date_gmt":"2022-01-08T09:52:20","guid":{"rendered":"https:\/\/www.agencedurisque.fr\/?page_id=1265"},"modified":"2022-07-08T15:49:46","modified_gmt":"2022-07-08T13:49:46","slug":"documento-unico","status":"publish","type":"page","link":"https:\/\/www.agencedurisque.fr\/it\/documento-unico\/","title":{"rendered":"Documento unico"},"content":{"rendered":"\t\t<div data-elementor-type=\"wp-page\" data-elementor-id=\"1265\" class=\"elementor elementor-1265 elementor-259\" data-elementor-settings=\"[]\">\n\t\t\t\t\t\t\t<div class=\"elementor-section-wrap\">\n\t\t\t\t\t\t\t<section data-dce-background-overlay-color=\"#000000\" data-dce-background-image-url=\"https:\/\/www.agencedurisque.fr\/wp-content\/uploads\/2022\/01\/home-page-col3.jpg\" class=\"elementor-section elementor-top-section elementor-element elementor-element-c78c533 elementor-section-height-min-height elementor-section-boxed elementor-section-height-default elementor-section-items-middle\" data-id=\"c78c533\" data-element_type=\"section\" data-settings=\"{&quot;background_background&quot;:&quot;classic&quot;}\">\n\t\t\t\t\t\t\t<div class=\"elementor-background-overlay\"><\/div>\n\t\t\t\t\t\t\t<div class=\"elementor-container elementor-column-gap-default\">\n\t\t\t\t\t<div class=\"elementor-column elementor-col-100 elementor-top-column elementor-element elementor-element-5cdcd71\" data-id=\"5cdcd71\" data-element_type=\"column\">\n\t\t\t<div class=\"elementor-widget-wrap elementor-element-populated\">\n\t\t\t\t\t\t\t\t<div class=\"elementor-element elementor-element-c7c228b elementor-widget elementor-widget-spacer\" data-id=\"c7c228b\" data-element_type=\"widget\" data-widget_type=\"spacer.default\">\n\t\t\t\t<div class=\"elementor-widget-container\">\n\t\t\t\t\t<div class=\"elementor-spacer\">\n\t\t\t<div class=\"elementor-spacer-inner\"><\/div>\n\t\t<\/div>\n\t\t\t\t<\/div>\n\t\t\t\t<\/div>\n\t\t\t\t<div class=\"elementor-element elementor-element-84d98a3 elementor-widget elementor-widget-heading\" data-id=\"84d98a3\" data-element_type=\"widget\" data-widget_type=\"heading.default\">\n\t\t\t\t<div class=\"elementor-widget-container\">\n\t\t\t<style>\/*! elementor - v3.5.3 - 28-12-2021 *\/\n.elementor-heading-title{padding:0;margin:0;line-height:1}.elementor-widget-heading .elementor-heading-title[class*=elementor-size-]>a{color:inherit;font-size:inherit;line-height:inherit}.elementor-widget-heading .elementor-heading-title.elementor-size-small{font-size:15px}.elementor-widget-heading .elementor-heading-title.elementor-size-medium{font-size:19px}.elementor-widget-heading .elementor-heading-title.elementor-size-large{font-size:29px}.elementor-widget-heading .elementor-heading-title.elementor-size-xl{font-size:39px}.elementor-widget-heading .elementor-heading-title.elementor-size-xxl{font-size:59px}<\/style><h1 class=\"elementor-heading-title elementor-size-default\">Documento<br>unico<\/h1>\t\t<\/div>\n\t\t\t\t<\/div>\n\t\t\t\t<section class=\"elementor-section elementor-inner-section elementor-element elementor-element-bb7321f elementor-hidden-mobile elementor-section-boxed elementor-section-height-default elementor-section-height-default\" data-id=\"bb7321f\" data-element_type=\"section\">\n\t\t\t\t\t\t<div class=\"elementor-container elementor-column-gap-default\">\n\t\t\t\t\t<div class=\"elementor-column elementor-col-50 elementor-inner-column elementor-element elementor-element-dc9d47c\" data-id=\"dc9d47c\" data-element_type=\"column\">\n\t\t\t<div class=\"elementor-widget-wrap elementor-element-populated\">\n\t\t\t\t\t\t\t\t<div data-dce-background-color=\"#FFFFFF\" class=\"elementor-element elementor-element-a2ad918 elementor-align-center elementor-widget__width-auto elementor-widget elementor-widget-button\" data-id=\"a2ad918\" data-element_type=\"widget\" data-widget_type=\"button.default\">\n\t\t\t\t<div class=\"elementor-widget-container\">\n\t\t\t\t\t<div class=\"elementor-button-wrapper\">\n\t\t\t<a href=\"https:\/\/www.agencedurisque.fr\/it\/i-rischi-transfrontalieri\/\" class=\"elementor-button-link elementor-button elementor-size-sm\" role=\"button\">\n\t\t\t\t\t\t<span class=\"elementor-button-content-wrapper\">\n\t\t\t\t\t\t<span class=\"elementor-button-text\">Previeni i miei rischi<\/span>\n\t\t<\/span>\n\t\t\t\t\t<\/a>\n\t\t<\/div>\n\t\t\t\t<\/div>\n\t\t\t\t<\/div>\n\t\t\t\t\t<\/div>\n\t\t<\/div>\n\t\t\t\t<div class=\"elementor-column elementor-col-50 elementor-inner-column elementor-element elementor-element-9934b3c\" data-id=\"9934b3c\" data-element_type=\"column\">\n\t\t\t<div class=\"elementor-widget-wrap elementor-element-populated\">\n\t\t\t\t\t\t\t\t<div data-dce-background-color=\"#000000\" class=\"elementor-element elementor-element-7cea5c8 elementor-align-center elementor-widget__width-auto elementor-widget elementor-widget-button\" data-id=\"7cea5c8\" data-element_type=\"widget\" data-widget_type=\"button.default\">\n\t\t\t\t<div class=\"elementor-widget-container\">\n\t\t\t\t\t<div class=\"elementor-button-wrapper\">\n\t\t\t<a href=\"https:\/\/dossierunique.powerappsportals.com\" target=\"_blank\" class=\"elementor-button-link elementor-button elementor-size-sm\" role=\"button\">\n\t\t\t\t\t\t<span class=\"elementor-button-content-wrapper\">\n\t\t\t\t\t\t<span class=\"elementor-button-text\">Segnala le mie affermazioni<\/span>\n\t\t<\/span>\n\t\t\t\t\t<\/a>\n\t\t<\/div>\n\t\t\t\t<\/div>\n\t\t\t\t<\/div>\n\t\t\t\t\t<\/div>\n\t\t<\/div>\n\t\t\t\t\t\t\t<\/div>\n\t\t<\/section>\n\t\t\t\t\t<\/div>\n\t\t<\/div>\n\t\t\t\t\t\t\t<\/div>\n\t\t<\/section>\n\t\t\t\t<section class=\"elementor-section elementor-top-section elementor-element elementor-element-2f78439 corp-contenu elementor-section-boxed elementor-section-height-default elementor-section-height-default\" data-id=\"2f78439\" data-element_type=\"section\">\n\t\t\t\t\t\t<div class=\"elementor-container elementor-column-gap-default\">\n\t\t\t\t\t<div class=\"elementor-column elementor-col-100 elementor-top-column elementor-element elementor-element-a90775f\" data-id=\"a90775f\" data-element_type=\"column\">\n\t\t\t<div class=\"elementor-widget-wrap elementor-element-populated\">\n\t\t\t\t\t\t\t\t<div class=\"elementor-element elementor-element-2858e3a elementor-widget elementor-widget-text-editor\" data-id=\"2858e3a\" data-element_type=\"widget\" data-widget_type=\"text-editor.default\">\n\t\t\t\t<div class=\"elementor-widget-container\">\n\t\t\t<style>\/*! elementor - v3.5.3 - 28-12-2021 *\/\n.elementor-widget-text-editor.elementor-drop-cap-view-stacked .elementor-drop-cap{background-color:#818a91;color:#fff}.elementor-widget-text-editor.elementor-drop-cap-view-framed .elementor-drop-cap{color:#818a91;border:3px solid;background-color:transparent}.elementor-widget-text-editor:not(.elementor-drop-cap-view-default) .elementor-drop-cap{margin-top:8px}.elementor-widget-text-editor:not(.elementor-drop-cap-view-default) .elementor-drop-cap-letter{width:1em;height:1em}.elementor-widget-text-editor .elementor-drop-cap{float:left;text-align:center;line-height:1;font-size:50px}.elementor-widget-text-editor .elementor-drop-cap-letter{display:inline-block}<\/style>\t\t\t\t<h6>Se siete stati colpiti da un evento di natura eccezionale, la Chambre de M\u00e9tiers et del&#8217;Artisan Paca e la Chambre de Commerce et d&#8217;Industrie Nice C\u00f4te d&#8217;Azur hanno creato uno sportello unico.<\/h6><h6>L&#8217;obiettivo \u00e8 di accompagnarvi e di semplificare le procedure per effettuare le richieste di assistenza presso partner finanziari.<\/h6><h6>Per richiedere l\u2019assistenza clicca sul link:<\/h6>\t\t\t\t\t\t<\/div>\n\t\t\t\t<\/div>\n\t\t\t\t<div data-dce-background-color=\"#FF6C00\" class=\"elementor-element elementor-element-b13e236 elementor-align-center elementor-widget elementor-widget-button\" data-id=\"b13e236\" data-element_type=\"widget\" data-widget_type=\"button.default\">\n\t\t\t\t<div class=\"elementor-widget-container\">\n\t\t\t\t\t<div class=\"elementor-button-wrapper\">\n\t\t\t<a href=\"https:\/\/dossierunique.powerappsportals.com\" target=\"_blank\" class=\"elementor-button-link elementor-button elementor-size-sm\" role=\"button\">\n\t\t\t\t\t\t<span class=\"elementor-button-content-wrapper\">\n\t\t\t\t\t\t<span class=\"elementor-button-text\">Segnala le mie affermazioni<\/span>\n\t\t<\/span>\n\t\t\t\t\t<\/a>\n\t\t<\/div>\n\t\t\t\t<\/div>\n\t\t\t\t<\/div>\n\t\t\t\t<section class=\"elementor-section elementor-inner-section elementor-element elementor-element-d6ea9d1 elementor-section-boxed elementor-section-height-default elementor-section-height-default\" data-id=\"d6ea9d1\" data-element_type=\"section\">\n\t\t\t\t\t\t<div class=\"elementor-container elementor-column-gap-default\">\n\t\t\t\t\t<div class=\"elementor-column elementor-col-50 elementor-inner-column elementor-element elementor-element-fb80052\" data-id=\"fb80052\" data-element_type=\"column\">\n\t\t\t<div class=\"elementor-widget-wrap elementor-element-populated\">\n\t\t\t\t\t\t\t\t<div class=\"elementor-element elementor-element-e7f4198 dce_masking-none elementor-widget elementor-widget-image\" data-id=\"e7f4198\" data-element_type=\"widget\" data-widget_type=\"image.default\">\n\t\t\t\t<div class=\"elementor-widget-container\">\n\t\t\t<style>\/*! elementor - v3.5.3 - 28-12-2021 *\/\n.elementor-widget-image{text-align:center}.elementor-widget-image a{display:inline-block}.elementor-widget-image a img[src$=\".svg\"]{width:48px}.elementor-widget-image img{vertical-align:middle;display:inline-block}<\/style>\t\t\t\t\t\t\t\t\t\t\t\t<img decoding=\"async\" width=\"1024\" height=\"372\" src=\"https:\/\/www.agencedurisque.fr\/wp-content\/uploads\/2022\/02\/logo-cmar-1024x372.png\" class=\"attachment-large size-large\" alt=\"\" srcset=\"https:\/\/www.agencedurisque.fr\/wp-content\/uploads\/2022\/02\/logo-cmar-1024x372.png 1024w, https:\/\/www.agencedurisque.fr\/wp-content\/uploads\/2022\/02\/logo-cmar-300x109.png 300w, https:\/\/www.agencedurisque.fr\/wp-content\/uploads\/2022\/02\/logo-cmar-768x279.png 768w, https:\/\/www.agencedurisque.fr\/wp-content\/uploads\/2022\/02\/logo-cmar-1536x558.png 1536w, https:\/\/www.agencedurisque.fr\/wp-content\/uploads\/2022\/02\/logo-cmar-2048x744.png 2048w\" sizes=\"(max-width: 1024px) 100vw, 1024px\" \/>\t\t\t\t\t\t\t\t\t\t\t\t\t\t\t<\/div>\n\t\t\t\t<\/div>\n\t\t\t\t\t<\/div>\n\t\t<\/div>\n\t\t\t\t<div class=\"elementor-column elementor-col-50 elementor-inner-column elementor-element elementor-element-6b0a388\" data-id=\"6b0a388\" data-element_type=\"column\">\n\t\t\t<div class=\"elementor-widget-wrap elementor-element-populated\">\n\t\t\t\t\t\t\t\t<div class=\"elementor-element elementor-element-ebf65ea dce_masking-none elementor-widget elementor-widget-image\" data-id=\"ebf65ea\" data-element_type=\"widget\" data-widget_type=\"image.default\">\n\t\t\t\t<div class=\"elementor-widget-container\">\n\t\t\t\t\t\t\t\t\t\t\t\t\t\t\t<img decoding=\"async\" width=\"1024\" height=\"216\" src=\"https:\/\/www.agencedurisque.fr\/wp-content\/uploads\/2022\/02\/Logo-CCI-WEB_004-1024x216.png\" class=\"attachment-large size-large\" alt=\"\" srcset=\"https:\/\/www.agencedurisque.fr\/wp-content\/uploads\/2022\/02\/Logo-CCI-WEB_004-1024x216.png 1024w, https:\/\/www.agencedurisque.fr\/wp-content\/uploads\/2022\/02\/Logo-CCI-WEB_004-300x63.png 300w, https:\/\/www.agencedurisque.fr\/wp-content\/uploads\/2022\/02\/Logo-CCI-WEB_004-768x162.png 768w, https:\/\/www.agencedurisque.fr\/wp-content\/uploads\/2022\/02\/Logo-CCI-WEB_004.png 1122w\" sizes=\"(max-width: 1024px) 100vw, 1024px\" \/>\t\t\t\t\t\t\t\t\t\t\t\t\t\t\t<\/div>\n\t\t\t\t<\/div>\n\t\t\t\t\t<\/div>\n\t\t<\/div>\n\t\t\t\t\t\t\t<\/div>\n\t\t<\/section>\n\t\t\t\t<div class=\"elementor-element elementor-element-0cfd514 elementor-widget elementor-widget-text-editor\" data-id=\"0cfd514\" data-element_type=\"widget\" data-widget_type=\"text-editor.default\">\n\t\t\t\t<div class=\"elementor-widget-container\">\n\t\t\t\t\t\t\t<p>Pour faire votre demande d\u2019aide cliquez sur le lien\u00a0: Lien DU\u00a0\u00e0 activer plus tard (Bouton tr\u00e8s visible)<\/p>\t\t\t\t\t\t<\/div>\n\t\t\t\t<\/div>\n\t\t\t\t\t<\/div>\n\t\t<\/div>\n\t\t\t\t\t\t\t<\/div>\n\t\t<\/section>\n\t\t\t\t\t\t<\/div>\n\t\t\t\t\t<\/div>\n\t\t","protected":false},"excerpt":{"rendered":"<p>Documentounico Previeni i miei rischi Segnala le mie affermazioni Se siete stati colpiti da un evento di natura eccezionale, la Chambre de M\u00e9tiers et del&#8217;Artisan Paca e la Chambre de Commerce et d&#8217;Industrie Nice C\u00f4te d&#8217;Azur hanno creato uno sportello unico. L&#8217;obiettivo \u00e8 di accompagnarvi e di semplificare le procedure per effettuare le richieste di [&hellip;]<\/p>\n","protected":false},"author":1,"featured_media":0,"parent":0,"menu_order":0,"comment_status":"closed","ping_status":"closed","template":"","meta":{"footnotes":""},"class_list":["post-1265","page","type-page","status-publish","hentry"],"acf":[],"yoast_head":"<!-- This site is optimized with the Yoast SEO plugin v19.9 - https:\/\/yoast.com\/wordpress\/plugins\/seo\/ -->\n<title>Documento unico - L&#039;Agence du Risque<\/title>\n<meta name=\"robots\" content=\"index, follow, max-snippet:-1, max-image-preview:large, max-video-preview:-1\" \/>\n<link rel=\"canonical\" href=\"https:\/\/www.agencedurisque.fr\/it\/documento-unico\/\" \/>\n<meta property=\"og:locale\" content=\"it_IT\" \/>\n<meta property=\"og:type\" content=\"article\" \/>\n<meta property=\"og:title\" content=\"Documento unico - L&#039;Agence du Risque\" \/>\n<meta property=\"og:description\" content=\"Documentounico Previeni i miei rischi Segnala le mie affermazioni Se siete stati colpiti da un evento di natura eccezionale, la Chambre de M\u00e9tiers et del&#8217;Artisan Paca e la Chambre de Commerce et d&#8217;Industrie Nice C\u00f4te d&#8217;Azur hanno creato uno sportello unico. L&#8217;obiettivo \u00e8 di accompagnarvi e di semplificare le procedure per effettuare le richieste di [&hellip;]\" \/>\n<meta property=\"og:url\" content=\"https:\/\/www.agencedurisque.fr\/it\/documento-unico\/\" \/>\n<meta property=\"og:site_name\" content=\"L&#039;Agence du Risque\" \/>\n<meta property=\"article:modified_time\" content=\"2022-07-08T13:49:46+00:00\" \/>\n<meta property=\"og:image\" content=\"https:\/\/www.agencedurisque.fr\/wp-content\/uploads\/2022\/02\/logo-cmar-1024x372.png\" \/>\n<meta name=\"twitter:card\" content=\"summary_large_image\" \/>\n<meta name=\"twitter:label1\" content=\"Tempo di lettura stimato\" \/>\n\t<meta name=\"twitter:data1\" content=\"1 minuto\" \/>\n<script type=\"application\/ld+json\" class=\"yoast-schema-graph\">{\"@context\":\"https:\/\/schema.org\",\"@graph\":[{\"@type\":\"WebPage\",\"@id\":\"https:\/\/www.agencedurisque.fr\/it\/documento-unico\/\",\"url\":\"https:\/\/www.agencedurisque.fr\/it\/documento-unico\/\",\"name\":\"Documento unico - L&#039;Agence du Risque\",\"isPartOf\":{\"@id\":\"https:\/\/www.agencedurisque.fr\/#website\"},\"datePublished\":\"2022-01-08T09:52:20+00:00\",\"dateModified\":\"2022-07-08T13:49:46+00:00\",\"breadcrumb\":{\"@id\":\"https:\/\/www.agencedurisque.fr\/it\/documento-unico\/#breadcrumb\"},\"inLanguage\":\"it-IT\",\"potentialAction\":[{\"@type\":\"ReadAction\",\"target\":[\"https:\/\/www.agencedurisque.fr\/it\/documento-unico\/\"]}]},{\"@type\":\"BreadcrumbList\",\"@id\":\"https:\/\/www.agencedurisque.fr\/it\/documento-unico\/#breadcrumb\",\"itemListElement\":[{\"@type\":\"ListItem\",\"position\":1,\"name\":\"Accueil\",\"item\":\"https:\/\/www.agencedurisque.fr\/it\/\"},{\"@type\":\"ListItem\",\"position\":2,\"name\":\"Documento unico\"}]},{\"@type\":\"WebSite\",\"@id\":\"https:\/\/www.agencedurisque.fr\/#website\",\"url\":\"https:\/\/www.agencedurisque.fr\/\",\"name\":\"L&#039;Agence du Risque\",\"description\":\"\",\"potentialAction\":[{\"@type\":\"SearchAction\",\"target\":{\"@type\":\"EntryPoint\",\"urlTemplate\":\"https:\/\/www.agencedurisque.fr\/?s={search_term_string}\"},\"query-input\":\"required name=search_term_string\"}],\"inLanguage\":\"it-IT\"}]}<\/script>\n<!-- \/ Yoast SEO plugin. -->","yoast_head_json":{"title":"Documento unico - L&#039;Agence du Risque","robots":{"index":"index","follow":"follow","max-snippet":"max-snippet:-1","max-image-preview":"max-image-preview:large","max-video-preview":"max-video-preview:-1"},"canonical":"https:\/\/www.agencedurisque.fr\/it\/documento-unico\/","og_locale":"it_IT","og_type":"article","og_title":"Documento unico - L&#039;Agence du Risque","og_description":"Documentounico Previeni i miei rischi Segnala le mie affermazioni Se siete stati colpiti da un evento di natura eccezionale, la Chambre de M\u00e9tiers et del&#8217;Artisan Paca e la Chambre de Commerce et d&#8217;Industrie Nice C\u00f4te d&#8217;Azur hanno creato uno sportello unico. L&#8217;obiettivo \u00e8 di accompagnarvi e di semplificare le procedure per effettuare le richieste di [&hellip;]","og_url":"https:\/\/www.agencedurisque.fr\/it\/documento-unico\/","og_site_name":"L&#039;Agence du Risque","article_modified_time":"2022-07-08T13:49:46+00:00","og_image":[{"url":"https:\/\/www.agencedurisque.fr\/wp-content\/uploads\/2022\/02\/logo-cmar-1024x372.png"}],"twitter_card":"summary_large_image","twitter_misc":{"Tempo di lettura stimato":"1 minuto"},"schema":{"@context":"https:\/\/schema.org","@graph":[{"@type":"WebPage","@id":"https:\/\/www.agencedurisque.fr\/it\/documento-unico\/","url":"https:\/\/www.agencedurisque.fr\/it\/documento-unico\/","name":"Documento unico - L&#039;Agence du Risque","isPartOf":{"@id":"https:\/\/www.agencedurisque.fr\/#website"},"datePublished":"2022-01-08T09:52:20+00:00","dateModified":"2022-07-08T13:49:46+00:00","breadcrumb":{"@id":"https:\/\/www.agencedurisque.fr\/it\/documento-unico\/#breadcrumb"},"inLanguage":"it-IT","potentialAction":[{"@type":"ReadAction","target":["https:\/\/www.agencedurisque.fr\/it\/documento-unico\/"]}]},{"@type":"BreadcrumbList","@id":"https:\/\/www.agencedurisque.fr\/it\/documento-unico\/#breadcrumb","itemListElement":[{"@type":"ListItem","position":1,"name":"Accueil","item":"https:\/\/www.agencedurisque.fr\/it\/"},{"@type":"ListItem","position":2,"name":"Documento unico"}]},{"@type":"WebSite","@id":"https:\/\/www.agencedurisque.fr\/#website","url":"https:\/\/www.agencedurisque.fr\/","name":"L&#039;Agence du Risque","description":"","potentialAction":[{"@type":"SearchAction","target":{"@type":"EntryPoint","urlTemplate":"https:\/\/www.agencedurisque.fr\/?s={search_term_string}"},"query-input":"required name=search_term_string"}],"inLanguage":"it-IT"}]}},"_links":{"self":[{"href":"https:\/\/www.agencedurisque.fr\/it\/wp-json\/wp\/v2\/pages\/1265","targetHints":{"allow":["GET"]}}],"collection":[{"href":"https:\/\/www.agencedurisque.fr\/it\/wp-json\/wp\/v2\/pages"}],"about":[{"href":"https:\/\/www.agencedurisque.fr\/it\/wp-json\/wp\/v2\/types\/page"}],"author":[{"embeddable":true,"href":"https:\/\/www.agencedurisque.fr\/it\/wp-json\/wp\/v2\/users\/1"}],"replies":[{"embeddable":true,"href":"https:\/\/www.agencedurisque.fr\/it\/wp-json\/wp\/v2\/comments?post=1265"}],"version-history":[{"count":13,"href":"https:\/\/www.agencedurisque.fr\/it\/wp-json\/wp\/v2\/pages\/1265\/revisions"}],"predecessor-version":[{"id":1743,"href":"https:\/\/www.agencedurisque.fr\/it\/wp-json\/wp\/v2\/pages\/1265\/revisions\/1743"}],"wp:attachment":[{"href":"https:\/\/www.agencedurisque.fr\/it\/wp-json\/wp\/v2\/media?parent=1265"}],"curies":[{"name":"wp","href":"https:\/\/api.w.org\/{rel}","templated":true}]}}